{"id":266,"date":"2019-09-05T18:28:33","date_gmt":"2019-09-05T18:28:33","guid":{"rendered":"https:\/\/demo.themeisle.com\/neve-energy-panels\/?page_id=266"},"modified":"2025-08-05T09:28:17","modified_gmt":"2025-08-05T14:28:17","slug":"servicios","status":"publish","type":"page","link":"https:\/\/asoplanetesp.com\/index.php\/servicios\/","title":{"rendered":"SERVICIOS"},"content":{"rendered":"\t\t<div data-elementor-type=\"wp-post\" data-elementor-id=\"266\" class=\"elementor elementor-266\">\n\t\t\t\t\t\t<section class=\"elementor-section elementor-top-section elementor-element elementor-element-0bf5d1a elementor-section-boxed elementor-section-height-default elementor-section-height-default\" data-id=\"0bf5d1a\" data-element_type=\"section\" data-settings=\"{&quot;background_background&quot;:&quot;gradient&quot;}\">\n\t\t\t\t\t\t\t<div class=\"elementor-background-overlay\"><\/div>\n\t\t\t\t\t\t\t<div class=\"elementor-container elementor-column-gap-no\">\n\t\t\t\t\t<div class=\"elementor-column elementor-col-100 elementor-top-column elementor-element elementor-element-59e1528\" data-id=\"59e1528\" data-element_type=\"column\">\n\t\t\t<div class=\"elementor-widget-wrap elementor-element-populated\">\n\t\t\t\t\t\t<div class=\"elementor-element elementor-element-e63fe26 elementor-widget elementor-widget-heading\" data-id=\"e63fe26\" data-element_type=\"widget\" data-widget_type=\"heading.default\">\n\t\t\t\t<div class=\"elementor-widget-container\">\n\t\t\t\t\t<h2 class=\"elementor-heading-title elementor-size-default\">NUESTROS SERVICIOS <\/h2>\t\t\t\t<\/div>\n\t\t\t\t<\/div>\n\t\t\t\t\t<\/div>\n\t\t<\/div>\n\t\t\t\t\t<\/div>\n\t\t<\/section>\n\t\t\t\t<section class=\"elementor-section elementor-top-section elementor-element elementor-element-4fc94c4b elementor-section-boxed elementor-section-height-default elementor-section-height-default\" data-id=\"4fc94c4b\" data-element_type=\"section\" data-settings=\"{&quot;background_background&quot;:&quot;classic&quot;}\">\n\t\t\t\t\t\t<div class=\"elementor-container elementor-column-gap-default\">\n\t\t\t\t\t<div class=\"elementor-column elementor-col-100 elementor-top-column elementor-element elementor-element-46c7601e\" data-id=\"46c7601e\" data-element_type=\"column\">\n\t\t\t<div class=\"elementor-widget-wrap elementor-element-populated\">\n\t\t\t\t\t\t<section class=\"elementor-section elementor-inner-section elementor-element elementor-element-40be0c44 elementor-section-content-middle elementor-section-boxed elementor-section-height-default elementor-section-height-default\" data-id=\"40be0c44\" data-element_type=\"section\">\n\t\t\t\t\t\t<div class=\"elementor-container elementor-column-gap-default\">\n\t\t\t\t\t<div class=\"elementor-column elementor-col-50 elementor-inner-column elementor-element elementor-element-72fa4b66\" data-id=\"72fa4b66\" data-element_type=\"column\">\n\t\t\t<div class=\"elementor-widget-wrap elementor-element-populated\">\n\t\t\t\t\t\t<div class=\"elementor-element elementor-element-5f7e14b elementor-widget elementor-widget-image\" data-id=\"5f7e14b\" data-element_type=\"widget\" data-widget_type=\"image.default\">\n\t\t\t\t<div class=\"elementor-widget-container\">\n\t\t\t\t\t\t\t\t\t\t\t\t\t\t\t<img fetchpriority=\"high\" decoding=\"async\" width=\"1200\" height=\"1600\" src=\"https:\/\/asoplanetesp.com\/wp-content\/uploads\/2025\/08\/2.jpeg\" class=\"attachment-full size-full wp-image-1013\" alt=\"\" srcset=\"https:\/\/asoplanetesp.com\/wp-content\/uploads\/2025\/08\/2.jpeg 1200w, https:\/\/asoplanetesp.com\/wp-content\/uploads\/2025\/08\/2-225x300.jpeg 225w, https:\/\/asoplanetesp.com\/wp-content\/uploads\/2025\/08\/2-768x1024.jpeg 768w, https:\/\/asoplanetesp.com\/wp-content\/uploads\/2025\/08\/2-1152x1536.jpeg 1152w\" sizes=\"(max-width: 1200px) 100vw, 1200px\" \/>\t\t\t\t\t\t\t\t\t\t\t\t\t\t\t<\/div>\n\t\t\t\t<\/div>\n\t\t\t\t\t<\/div>\n\t\t<\/div>\n\t\t\t\t<div class=\"elementor-column elementor-col-50 elementor-inner-column elementor-element elementor-element-5de85fc4\" data-id=\"5de85fc4\" data-element_type=\"column\" data-settings=\"{&quot;background_background&quot;:&quot;classic&quot;}\">\n\t\t\t<div class=\"elementor-widget-wrap elementor-element-populated\">\n\t\t\t\t\t\t<div class=\"elementor-element elementor-element-2b56d5e4 elementor-widget elementor-widget-heading\" data-id=\"2b56d5e4\" data-element_type=\"widget\" data-widget_type=\"heading.default\">\n\t\t\t\t<div class=\"elementor-widget-container\">\n\t\t\t\t\t<h2 class=\"elementor-heading-title elementor-size-default\">Recolecci\u00f3n y transporte<\/h2>\t\t\t\t<\/div>\n\t\t\t\t<\/div>\n\t\t\t\t<div class=\"elementor-element elementor-element-682ad02e text-bigger elementor-widget elementor-widget-heading\" data-id=\"682ad02e\" data-element_type=\"widget\" data-widget_type=\"heading.default\">\n\t\t\t\t<div class=\"elementor-widget-container\">\n\t\t\t\t\t<span class=\"elementor-heading-title elementor-size-default\">Se realiza a trav\u00e9s de nuestros recuperadores de oficio, plenamente capacitados.\n Todos los materiales recolectados son transportados hasta nuestras ECAS (Estaciones de clasificaci\u00f3n y aprovechamiento)  <\/span>\t\t\t\t<\/div>\n\t\t\t\t<\/div>\n\t\t\t\t\t<\/div>\n\t\t<\/div>\n\t\t\t\t\t<\/div>\n\t\t<\/section>\n\t\t\t\t<section class=\"elementor-section elementor-inner-section elementor-element elementor-element-211f3dca elementor-section-content-middle elementor-reverse-mobile elementor-section-boxed elementor-section-height-default elementor-section-height-default\" data-id=\"211f3dca\" data-element_type=\"section\">\n\t\t\t\t\t\t<div class=\"elementor-container elementor-column-gap-default\">\n\t\t\t\t\t<div class=\"elementor-column elementor-col-50 elementor-inner-column elementor-element elementor-element-38d36f33\" data-id=\"38d36f33\" data-element_type=\"column\" data-settings=\"{&quot;background_background&quot;:&quot;classic&quot;}\">\n\t\t\t<div class=\"elementor-widget-wrap elementor-element-populated\">\n\t\t\t\t\t\t<div class=\"elementor-element elementor-element-75b0b27e elementor-widget elementor-widget-heading\" data-id=\"75b0b27e\" data-element_type=\"widget\" data-widget_type=\"heading.default\">\n\t\t\t\t<div class=\"elementor-widget-container\">\n\t\t\t\t\t<h2 class=\"elementor-heading-title elementor-size-default\">SEPARACI\u00d3N Y CLASIFICACI\u00d3N <\/h2>\t\t\t\t<\/div>\n\t\t\t\t<\/div>\n\t\t\t\t<div class=\"elementor-element elementor-element-39e1b576 text-bigger elementor-widget elementor-widget-heading\" data-id=\"39e1b576\" data-element_type=\"widget\" data-widget_type=\"heading.default\">\n\t\t\t\t<div class=\"elementor-widget-container\">\n\t\t\t\t\t<span class=\"elementor-heading-title elementor-size-default\">Una vez que el material llega a la ECA, se procede a su descarga en la zona de clasificaci\u00f3n, donde es separado y\/o clasificado de acuerdo con su tipo, con el fin de ser posteriormente pesado.<\/span>\t\t\t\t<\/div>\n\t\t\t\t<\/div>\n\t\t\t\t\t<\/div>\n\t\t<\/div>\n\t\t\t\t<div class=\"elementor-column elementor-col-50 elementor-inner-column elementor-element elementor-element-2dfcba1e\" data-id=\"2dfcba1e\" data-element_type=\"column\">\n\t\t\t<div class=\"elementor-widget-wrap elementor-element-populated\">\n\t\t\t\t\t\t<div class=\"elementor-element elementor-element-58e2c17a elementor-widget elementor-widget-image\" data-id=\"58e2c17a\" data-element_type=\"widget\" data-widget_type=\"image.default\">\n\t\t\t\t<div class=\"elementor-widget-container\">\n\t\t\t\t\t\t\t\t\t\t\t\t\t\t\t<img decoding=\"async\" width=\"746\" height=\"1024\" src=\"https:\/\/asoplanetesp.com\/wp-content\/uploads\/2025\/08\/WhatsApp-Image-2025-04-24-at-3.09.51-PM-746x1024.jpeg\" class=\"attachment-large size-large wp-image-1018\" alt=\"\" srcset=\"https:\/\/asoplanetesp.com\/wp-content\/uploads\/2025\/08\/WhatsApp-Image-2025-04-24-at-3.09.51-PM-746x1024.jpeg 746w, https:\/\/asoplanetesp.com\/wp-content\/uploads\/2025\/08\/WhatsApp-Image-2025-04-24-at-3.09.51-PM-219x300.jpeg 219w, https:\/\/asoplanetesp.com\/wp-content\/uploads\/2025\/08\/WhatsApp-Image-2025-04-24-at-3.09.51-PM-768x1054.jpeg 768w, https:\/\/asoplanetesp.com\/wp-content\/uploads\/2025\/08\/WhatsApp-Image-2025-04-24-at-3.09.51-PM.jpeg 898w\" sizes=\"(max-width: 746px) 100vw, 746px\" \/>\t\t\t\t\t\t\t\t\t\t\t\t\t\t\t<\/div>\n\t\t\t\t<\/div>\n\t\t\t\t\t<\/div>\n\t\t<\/div>\n\t\t\t\t\t<\/div>\n\t\t<\/section>\n\t\t\t\t<section class=\"elementor-section elementor-inner-section elementor-element elementor-element-4fbb17a elementor-section-content-middle elementor-section-boxed elementor-section-height-default elementor-section-height-default\" data-id=\"4fbb17a\" data-element_type=\"section\">\n\t\t\t\t\t\t<div class=\"elementor-container elementor-column-gap-default\">\n\t\t\t\t\t<div class=\"elementor-column elementor-col-50 elementor-inner-column elementor-element elementor-element-3679100\" data-id=\"3679100\" data-element_type=\"column\">\n\t\t\t<div class=\"elementor-widget-wrap elementor-element-populated\">\n\t\t\t\t\t\t<div class=\"elementor-element elementor-element-ef531d2 elementor-widget elementor-widget-image\" data-id=\"ef531d2\" data-element_type=\"widget\" data-widget_type=\"image.default\">\n\t\t\t\t<div class=\"elementor-widget-container\">\n\t\t\t\t\t\t\t\t\t\t\t\t\t\t\t<img decoding=\"async\" width=\"768\" height=\"1024\" src=\"https:\/\/asoplanetesp.com\/wp-content\/uploads\/2025\/08\/WhatsApp-Image-2024-07-08-at-9.40.01-AM-768x1024.jpeg\" class=\"attachment-large size-large wp-image-1022\" alt=\"\" srcset=\"https:\/\/asoplanetesp.com\/wp-content\/uploads\/2025\/08\/WhatsApp-Image-2024-07-08-at-9.40.01-AM-768x1024.jpeg 768w, https:\/\/asoplanetesp.com\/wp-content\/uploads\/2025\/08\/WhatsApp-Image-2024-07-08-at-9.40.01-AM-225x300.jpeg 225w, https:\/\/asoplanetesp.com\/wp-content\/uploads\/2025\/08\/WhatsApp-Image-2024-07-08-at-9.40.01-AM-1152x1536.jpeg 1152w, https:\/\/asoplanetesp.com\/wp-content\/uploads\/2025\/08\/WhatsApp-Image-2024-07-08-at-9.40.01-AM-1536x2048.jpeg 1536w, https:\/\/asoplanetesp.com\/wp-content\/uploads\/2025\/08\/WhatsApp-Image-2024-07-08-at-9.40.01-AM-scaled.jpeg 1920w\" sizes=\"(max-width: 768px) 100vw, 768px\" \/>\t\t\t\t\t\t\t\t\t\t\t\t\t\t\t<\/div>\n\t\t\t\t<\/div>\n\t\t\t\t\t<\/div>\n\t\t<\/div>\n\t\t\t\t<div class=\"elementor-column elementor-col-50 elementor-inner-column elementor-element elementor-element-b50356d\" data-id=\"b50356d\" data-element_type=\"column\" data-settings=\"{&quot;background_background&quot;:&quot;classic&quot;}\">\n\t\t\t<div class=\"elementor-widget-wrap elementor-element-populated\">\n\t\t\t\t\t\t<div class=\"elementor-element elementor-element-d216211 elementor-widget elementor-widget-heading\" data-id=\"d216211\" data-element_type=\"widget\" data-widget_type=\"heading.default\">\n\t\t\t\t<div class=\"elementor-widget-container\">\n\t\t\t\t\t<h2 class=\"elementor-heading-title elementor-size-default\">PESAJE Y ALMACENAMIENTO<\/h2>\t\t\t\t<\/div>\n\t\t\t\t<\/div>\n\t\t\t\t<div class=\"elementor-element elementor-element-cc1e6d5 text-bigger elementor-widget elementor-widget-heading\" data-id=\"cc1e6d5\" data-element_type=\"widget\" data-widget_type=\"heading.default\">\n\t\t\t\t<div class=\"elementor-widget-container\">\n\t\t\t\t\t<span class=\"elementor-heading-title elementor-size-default\">Una vez finalizado el proceso de clasificaci\u00f3n, el material es debidamente pesado y luego trasladado a los cub\u00edculos correspondientes para su almacenamiento, seg\u00fan el material.<\/span>\t\t\t\t<\/div>\n\t\t\t\t<\/div>\n\t\t\t\t\t<\/div>\n\t\t<\/div>\n\t\t\t\t\t<\/div>\n\t\t<\/section>\n\t\t\t\t<section class=\"elementor-section elementor-inner-section elementor-element elementor-element-63fa8f5 elementor-section-content-middle elementor-reverse-mobile elementor-section-boxed elementor-section-height-default elementor-section-height-default\" data-id=\"63fa8f5\" data-element_type=\"section\">\n\t\t\t\t\t\t<div class=\"elementor-container elementor-column-gap-default\">\n\t\t\t\t\t<div class=\"elementor-column elementor-col-50 elementor-inner-column elementor-element elementor-element-0404725\" data-id=\"0404725\" data-element_type=\"column\" data-settings=\"{&quot;background_background&quot;:&quot;classic&quot;}\">\n\t\t\t<div class=\"elementor-widget-wrap elementor-element-populated\">\n\t\t\t\t\t\t<div class=\"elementor-element elementor-element-dcfc0e2 elementor-widget elementor-widget-heading\" data-id=\"dcfc0e2\" data-element_type=\"widget\" data-widget_type=\"heading.default\">\n\t\t\t\t<div class=\"elementor-widget-container\">\n\t\t\t\t\t<h2 class=\"elementor-heading-title elementor-size-default\">COMERCIALIZACI\u00d3N Y TRANSFORMACI\u00d3N <\/h2>\t\t\t\t<\/div>\n\t\t\t\t<\/div>\n\t\t\t\t<div class=\"elementor-element elementor-element-8c03d53 text-bigger elementor-widget elementor-widget-heading\" data-id=\"8c03d53\" data-element_type=\"widget\" data-widget_type=\"heading.default\">\n\t\t\t\t<div class=\"elementor-widget-container\">\n\t\t\t\t\t<span class=\"elementor-heading-title elementor-size-default\">El material almacenado se compacta y se entrega a la industria correspondiente, donde los residuos aprovechables son transformados en materia prima nuevamente.<\/span>\t\t\t\t<\/div>\n\t\t\t\t<\/div>\n\t\t\t\t\t<\/div>\n\t\t<\/div>\n\t\t\t\t<div class=\"elementor-column elementor-col-50 elementor-inner-column elementor-element elementor-element-b4d411c\" data-id=\"b4d411c\" data-element_type=\"column\">\n\t\t\t<div class=\"elementor-widget-wrap elementor-element-populated\">\n\t\t\t\t\t\t<div class=\"elementor-element elementor-element-d4fa97d elementor-widget elementor-widget-image\" data-id=\"d4fa97d\" data-element_type=\"widget\" data-widget_type=\"image.default\">\n\t\t\t\t<div class=\"elementor-widget-container\">\n\t\t\t\t\t\t\t\t\t\t\t\t\t\t\t<img decoding=\"async\" src=\"https:\/\/asoplanetesp.com\/wp-content\/uploads\/2020\/04\/33420-scaled.jpg\" title=\"\" alt=\"\" loading=\"lazy\" \/>\t\t\t\t\t\t\t\t\t\t\t\t\t\t\t<\/div>\n\t\t\t\t<\/div>\n\t\t\t\t<div class=\"elementor-element elementor-element-5c293e3 elementor-widget elementor-widget-image\" data-id=\"5c293e3\" data-element_type=\"widget\" data-widget_type=\"image.default\">\n\t\t\t\t<div class=\"elementor-widget-container\">\n\t\t\t\t\t\t\t\t\t\t\t\t\t\t\t<img loading=\"lazy\" decoding=\"async\" width=\"768\" height=\"1365\" src=\"https:\/\/asoplanetesp.com\/wp-content\/uploads\/2025\/08\/WhatsApp-Image-2024-01-15-at-10.31.40-AM-1-768x1365.jpeg\" class=\"attachment-medium_large size-medium_large wp-image-1027\" alt=\"\" srcset=\"https:\/\/asoplanetesp.com\/wp-content\/uploads\/2025\/08\/WhatsApp-Image-2024-01-15-at-10.31.40-AM-1-768x1365.jpeg 768w, https:\/\/asoplanetesp.com\/wp-content\/uploads\/2025\/08\/WhatsApp-Image-2024-01-15-at-10.31.40-AM-1-169x300.jpeg 169w, https:\/\/asoplanetesp.com\/wp-content\/uploads\/2025\/08\/WhatsApp-Image-2024-01-15-at-10.31.40-AM-1-576x1024.jpeg 576w, https:\/\/asoplanetesp.com\/wp-content\/uploads\/2025\/08\/WhatsApp-Image-2024-01-15-at-10.31.40-AM-1-864x1536.jpeg 864w, https:\/\/asoplanetesp.com\/wp-content\/uploads\/2025\/08\/WhatsApp-Image-2024-01-15-at-10.31.40-AM-1.jpeg 900w\" sizes=\"(max-width: 768px) 100vw, 768px\" \/>\t\t\t\t\t\t\t\t\t\t\t\t\t\t\t<\/div>\n\t\t\t\t<\/div>\n\t\t\t\t\t<\/div>\n\t\t<\/div>\n\t\t\t\t\t<\/div>\n\t\t<\/section>\n\t\t\t\t<section class=\"elementor-section elementor-inner-section elementor-element elementor-element-c800550 elementor-section-content-middle elementor-reverse-mobile elementor-section-boxed elementor-section-height-default elementor-section-height-default\" data-id=\"c800550\" data-element_type=\"section\">\n\t\t\t\t\t\t<div class=\"elementor-container elementor-column-gap-default\">\n\t\t\t\t\t<div class=\"elementor-column elementor-col-50 elementor-inner-column elementor-element elementor-element-55f8b01\" data-id=\"55f8b01\" data-element_type=\"column\" data-settings=\"{&quot;background_background&quot;:&quot;classic&quot;}\">\n\t\t\t<div class=\"elementor-widget-wrap elementor-element-populated\">\n\t\t\t\t\t\t<div class=\"elementor-element elementor-element-6c0795e elementor-widget elementor-widget-heading\" data-id=\"6c0795e\" data-element_type=\"widget\" data-widget_type=\"heading.default\">\n\t\t\t\t<div class=\"elementor-widget-container\">\n\t\t\t\t\t<h2 class=\"elementor-heading-title elementor-size-default\"><p><span lang=\"ES-MX\">SENSIBILIZACI\u00d3N<\/span><span style=\"background-color: transparent\"><\/span><\/p><\/h2>\t\t\t\t<\/div>\n\t\t\t\t<\/div>\n\t\t\t\t<div class=\"elementor-element elementor-element-2f42282 text-bigger elementor-widget elementor-widget-heading\" data-id=\"2f42282\" data-element_type=\"widget\" data-widget_type=\"heading.default\">\n\t\t\t\t<div class=\"elementor-widget-container\">\n\t\t\t\t\t<span class=\"elementor-heading-title elementor-size-default\">Ofrecemos un programa de educaci\u00f3n ambiental que incluye capacitaciones y actividades de sensibilizaci\u00f3n sobre el manejo adecuado de residuos s\u00f3lidos. Adem\u00e1s, contamos con amplio conocimiento y personal id\u00f3neo para brindar apoyo a organizaciones en proceso de formalizaci\u00f3n, acompa\u00f1\u00e1ndolas en sus distintas fases de progresividad.<p><\/p><\/span>\t\t\t\t<\/div>\n\t\t\t\t<\/div>\n\t\t\t\t\t<\/div>\n\t\t<\/div>\n\t\t\t\t<div class=\"elementor-column elementor-col-50 elementor-inner-column elementor-element elementor-element-96132fa\" data-id=\"96132fa\" data-element_type=\"column\">\n\t\t\t<div class=\"elementor-widget-wrap elementor-element-populated\">\n\t\t\t\t\t\t<div class=\"elementor-element elementor-element-e6d75eb elementor-widget elementor-widget-image\" data-id=\"e6d75eb\" data-element_type=\"widget\" data-widget_type=\"image.default\">\n\t\t\t\t<div class=\"elementor-widget-container\">\n\t\t\t\t\t\t\t\t\t\t\t\t\t\t\t<img decoding=\"async\" src=\"https:\/\/asoplanetesp.com\/wp-content\/uploads\/2020\/04\/33420-scaled.jpg\" title=\"\" alt=\"\" loading=\"lazy\" \/>\t\t\t\t\t\t\t\t\t\t\t\t\t\t\t<\/div>\n\t\t\t\t<\/div>\n\t\t\t\t<div class=\"elementor-element elementor-element-c64dc76 elementor-widget elementor-widget-image\" data-id=\"c64dc76\" data-element_type=\"widget\" data-widget_type=\"image.default\">\n\t\t\t\t<div class=\"elementor-widget-container\">\n\t\t\t\t\t\t\t\t\t\t\t\t\t\t\t<img loading=\"lazy\" decoding=\"async\" width=\"1280\" height=\"960\" src=\"https:\/\/asoplanetesp.com\/wp-content\/uploads\/2025\/08\/WhatsApp-Image-2024-01-15-at-3.02.33-PM.jpeg\" class=\"attachment-full size-full wp-image-1037\" alt=\"\" srcset=\"https:\/\/asoplanetesp.com\/wp-content\/uploads\/2025\/08\/WhatsApp-Image-2024-01-15-at-3.02.33-PM.jpeg 1280w, https:\/\/asoplanetesp.com\/wp-content\/uploads\/2025\/08\/WhatsApp-Image-2024-01-15-at-3.02.33-PM-300x225.jpeg 300w, https:\/\/asoplanetesp.com\/wp-content\/uploads\/2025\/08\/WhatsApp-Image-2024-01-15-at-3.02.33-PM-1024x768.jpeg 1024w, https:\/\/asoplanetesp.com\/wp-content\/uploads\/2025\/08\/WhatsApp-Image-2024-01-15-at-3.02.33-PM-768x576.jpeg 768w\" sizes=\"(max-width: 1280px) 100vw, 1280px\" \/>\t\t\t\t\t\t\t\t\t\t\t\t\t\t\t<\/div>\n\t\t\t\t<\/div>\n\t\t\t\t\t<\/div>\n\t\t<\/div>\n\t\t\t\t\t<\/div>\n\t\t<\/section>\n\t\t\t\t\t<\/div>\n\t\t<\/div>\n\t\t\t\t\t<\/div>\n\t\t<\/section>\n\t\t\t\t<\/div>\n\t\t","protected":false},"excerpt":{"rendered":"<p>NUESTROS SERVICIOS Recolecci\u00f3n y transporte Se realiza a trav\u00e9s de nuestros recuperadores de oficio, plenamente capacitados. Todos los materiales recolectados son transportados hasta nuestras ECAS (Estaciones de clasificaci\u00f3n y aprovechamiento) SEPARACI\u00d3N Y CLASIFICACI\u00d3N Una vez que el material llega a la ECA, se procede a su descarga en la zona de clasificaci\u00f3n, donde es separado&hellip;&nbsp;<a href=\"https:\/\/asoplanetesp.com\/index.php\/servicios\/\" rel=\"bookmark\">Leer m\u00e1s &raquo;<span class=\"screen-reader-text\">SERVICIOS<\/span><\/a><\/p>\n","protected":false},"author":1,"featured_media":0,"parent":0,"menu_order":0,"comment_status":"closed","ping_status":"closed","template":"elementor_header_footer","meta":{"neve_meta_sidebar":"","neve_meta_container":"","neve_meta_enable_content_width":"off","neve_meta_content_width":0,"neve_meta_title_alignment":"","neve_meta_author_avatar":"","neve_post_elements_order":"","neve_meta_disable_header":"","neve_meta_disable_footer":"","neve_meta_disable_title":"","_joinchat":[],"footnotes":""},"class_list":["post-266","page","type-page","status-publish","hentry"],"_links":{"self":[{"href":"https:\/\/asoplanetesp.com\/index.php\/wp-json\/wp\/v2\/pages\/266","targetHints":{"allow":["GET"]}}],"collection":[{"href":"https:\/\/asoplanetesp.com\/index.php\/wp-json\/wp\/v2\/pages"}],"about":[{"href":"https:\/\/asoplanetesp.com\/index.php\/wp-json\/wp\/v2\/types\/page"}],"author":[{"embeddable":true,"href":"https:\/\/asoplanetesp.com\/index.php\/wp-json\/wp\/v2\/users\/1"}],"replies":[{"embeddable":true,"href":"https:\/\/asoplanetesp.com\/index.php\/wp-json\/wp\/v2\/comments?post=266"}],"version-history":[{"count":84,"href":"https:\/\/asoplanetesp.com\/index.php\/wp-json\/wp\/v2\/pages\/266\/revisions"}],"predecessor-version":[{"id":1336,"href":"https:\/\/asoplanetesp.com\/index.php\/wp-json\/wp\/v2\/pages\/266\/revisions\/1336"}],"wp:attachment":[{"href":"https:\/\/asoplanetesp.com\/index.php\/wp-json\/wp\/v2\/media?parent=266"}],"curies":[{"name":"wp","href":"https:\/\/api.w.org\/{rel}","templated":true}]}}